{"id":124,"date":"2025-11-03T21:34:03","date_gmt":"2025-11-03T21:34:03","guid":{"rendered":"http:\/\/www.kristedal.se\/?page_id=124"},"modified":"2025-12-13T19:16:40","modified_gmt":"2025-12-13T18:16:40","slug":"teknik","status":"publish","type":"page","link":"https:\/\/www.kristedal.se\/?page_id=124","title":{"rendered":"Kristedal Teknik"},"content":{"rendered":"\n<p>Kristedal Teknik AB \u00e4r mitt bolag inom teknik, systemutveckling, s\u00e4kerhet och ledarskap. Jag arbetar i gr\u00e4nslandet mellan teknik och organisation \u2013 d\u00e4r beslut, arkitektur och implementering m\u00f6ts.<\/p>\n\n\n\n<p>Bolaget erbjuder tj\u00e4nster inom:<\/p>\n\n\n\n<ul class=\"wp-block-list\">\n<li>Projekt och teamledning<\/li>\n<\/ul>\n\n\n\n<ul class=\"wp-block-list\">\n<li>Interimledning i teknikorganisationer<\/li>\n<\/ul>\n\n\n\n<ul class=\"wp-block-list\">\n<li>Systemintegration och teknisk koordinering<\/li>\n<\/ul>\n\n\n\n<ul class=\"wp-block-list\">\n<li>System och mjukvaruarkitektur<\/li>\n<\/ul>\n\n\n\n<div class=\"wp-block-group\"><div class=\"wp-block-group__inner-container is-layout-constrained wp-block-group-is-layout-constrained\">\n<ol class=\"wp-block-list has-neve-link-hover-color-color has-text-color has-link-color has-medium-font-size wp-elements-bcd55dc0164ecfd18af65a98ec750134\"><\/ol>\n\n\n\n<p>Uppdragen finns fr\u00e4mst inom fordon, f\u00f6rsvar, process och medicinteknisk industri, d\u00e4r teknik, tillg\u00e4nglighet och s\u00e4kerhet m\u00e5ste fungera samtidigt<\/p>\n<\/div><\/div>\n\n\n\n<hr class=\"wp-block-separator has-alpha-channel-opacity\"\/>\n\n\n\n<p>\u2705\ufe0f M\u00e5let \u00e4r att bidra till effektiva, robusta och v\u00e4lkoordinerade utvecklingsprojekt \u2013 oavsett om uppdraget handlar om arkitektur, integration eller ledning.<\/p>\n\n\n\n<p>Jag \u00e4r baserad i V\u00e4stra G\u00f6taland (G\u00f6teborgsomr\u00e5det) men arbetar \u00e4ven p\u00e5 distans nationellt. Bolaget samarbetar med teknikintensiva f\u00f6retag som Volvo Cars, AB Volvo, Saab, Ericsson, men \u00e4ven mindre bolag, direkt eller via etablerade konsultm\u00e4klare.<\/p>\n\n\n\n<div class=\"wp-block-buttons is-layout-flex wp-block-buttons-is-layout-flex\">\n<div class=\"wp-block-button is-style-primary\"><a class=\"wp-block-button__link wp-element-button\" href=\"mailto:info@kristedal.se\">info@kristedal.se<\/a><\/div>\n<\/div>\n\n\n\n<p>\ud83d\udcbc <a href=\"http:\/\/www.linkedin.com\/in\/kristedal\" data-type=\"link\" data-id=\"www.linkedin.com\/in\/kristedal\">www.linkedin.com\/in\/kristedal<\/a><br>\ud83c\udf10 <a href=\"http:\/\/www.kristedal.se\/teknik\" data-type=\"link\" data-id=\"www.kristedal.se\/teknik\">kristedal.se\/teknik<\/a><\/p>\n\n\n\n<p>\u00a9 Kristedal Teknik AB<br><\/p>\n\n\n\n<ul class=\"wp-block-social-links is-style-logos-only is-layout-flex wp-block-social-links-is-layout-flex\"><\/ul>\n","protected":false},"excerpt":{"rendered":"<p>Kristedal Teknik AB \u00e4r mitt bolag inom teknik, systemutveckling, s\u00e4kerhet och ledarskap. Jag arbetar i gr\u00e4nslandet mellan teknik och organisation \u2013 d\u00e4r beslut, arkitektur och implementering m\u00f6ts. Bolaget erbjuder tj\u00e4nster inom: Uppdragen finns fr\u00e4mst inom fordon, f\u00f6rsvar, process och medicinteknisk industri, d\u00e4r teknik, tillg\u00e4nglighet och s\u00e4kerhet m\u00e5ste fungera samtidigt \u2705\ufe0f M\u00e5let \u00e4r att bidra till [&hellip;]<\/p>\n","protected":false},"author":1,"featured_media":0,"parent":0,"menu_order":0,"comment_status":"open","ping_status":"closed","template":"","meta":{"footnotes":""},"class_list":["post-124","page","type-page","status-publish","hentry"],"_links":{"self":[{"href":"https:\/\/www.kristedal.se\/index.php?rest_route=\/wp\/v2\/pages\/124","targetHints":{"allow":["GET"]}}],"collection":[{"href":"https:\/\/www.kristedal.se\/index.php?rest_route=\/wp\/v2\/pages"}],"about":[{"href":"https:\/\/www.kristedal.se\/index.php?rest_route=\/wp\/v2\/types\/page"}],"author":[{"embeddable":true,"href":"https:\/\/www.kristedal.se\/index.php?rest_route=\/wp\/v2\/users\/1"}],"replies":[{"embeddable":true,"href":"https:\/\/www.kristedal.se\/index.php?rest_route=%2Fwp%2Fv2%2Fcomments&post=124"}],"version-history":[{"count":87,"href":"https:\/\/www.kristedal.se\/index.php?rest_route=\/wp\/v2\/pages\/124\/revisions"}],"predecessor-version":[{"id":411,"href":"https:\/\/www.kristedal.se\/index.php?rest_route=\/wp\/v2\/pages\/124\/revisions\/411"}],"wp:attachment":[{"href":"https:\/\/www.kristedal.se\/index.php?rest_route=%2Fwp%2Fv2%2Fmedia&parent=124"}],"curies":[{"name":"wp","href":"https:\/\/api.w.org\/{rel}","templated":true}]}}