{"id":236,"date":"2025-11-13T16:16:39","date_gmt":"2025-11-13T16:16:39","guid":{"rendered":"http:\/\/www.kristedal.se\/?page_id=236"},"modified":"2025-11-14T09:47:32","modified_gmt":"2025-11-14T09:47:32","slug":"om-mig","status":"publish","type":"page","link":"https:\/\/www.kristedal.se\/?page_id=236","title":{"rendered":"Om mig"},"content":{"rendered":"\n<p>Jag som driver bloggen heter Per och bor i Floda tillsammans med min familj (sambo, fyra barn och och tv\u00e5 katter). Till vardags arbetar jag som ingenj\u00f6r och chef inom teknik- och fordonsindustrin, d\u00e4r jag kombinerar ledarskap med ett starkt intresse f\u00f6r teknikens praktiska till\u00e4mpning.<\/p>\n\n\n\n<p>P\u00e5 fritiden f\u00f6rdjupar jag mig g\u00e4rna i datorer, n\u00e4tverk, Raspberry Pi-projekt och cybers\u00e4kerhet \u2014 ofta i gr\u00e4nslandet mellan utveckling, automation och IT-infrastruktur. Jag skriver ocks\u00e5 om mina projekt h\u00e4r p\u00e5 bloggen, d\u00e4r jag delar erfarenheter, l\u00f6sningar och reflektioner fr\u00e5n b\u00e5de arbete och hobby.<\/p>\n\n\n\n<p>N\u00e4r jag inte bygger system eller fels\u00f6ker kod trivs jag b\u00e4st hemma i Floda, med familjen, en kopp kaffe och kanske lite <em>World of Tanks<\/em>.<\/p>\n\n\n\n<figure class=\"wp-block-image size-large is-resized is-style-rounded\"><img loading=\"lazy\" decoding=\"async\" width=\"768\" height=\"1024\" src=\"http:\/\/www.kristedal.se\/wp-content\/uploads\/2025\/11\/22-08-11-16-53-18-4755-768x1024.jpg\" alt=\"\" class=\"wp-image-313\" style=\"width:135px;height:auto\" srcset=\"https:\/\/www.kristedal.se\/wp-content\/uploads\/2025\/11\/22-08-11-16-53-18-4755-768x1024.jpg 768w, https:\/\/www.kristedal.se\/wp-content\/uploads\/2025\/11\/22-08-11-16-53-18-4755-225x300.jpg 225w, https:\/\/www.kristedal.se\/wp-content\/uploads\/2025\/11\/22-08-11-16-53-18-4755-1152x1536.jpg 1152w, https:\/\/www.kristedal.se\/wp-content\/uploads\/2025\/11\/22-08-11-16-53-18-4755-1536x2048.jpg 1536w, https:\/\/www.kristedal.se\/wp-content\/uploads\/2025\/11\/22-08-11-16-53-18-4755-scaled.jpg 1920w\" sizes=\"auto, (max-width: 768px) 100vw, 768px\" \/><\/figure>\n\n\n\n<br><\/br>\n\n\n\n<p>\/Per<\/p>\n\n\n\n<p><\/p>\n","protected":false},"excerpt":{"rendered":"<p>Jag som driver bloggen heter Per och bor i Floda tillsammans med min familj (sambo, fyra barn och och tv\u00e5 katter). Till vardags arbetar jag som ingenj\u00f6r och chef inom teknik- och fordonsindustrin, d\u00e4r jag kombinerar ledarskap med ett starkt intresse f\u00f6r teknikens praktiska till\u00e4mpning. P\u00e5 fritiden f\u00f6rdjupar jag mig g\u00e4rna i datorer, n\u00e4tverk, Raspberry [&hellip;]<\/p>\n","protected":false},"author":1,"featured_media":0,"parent":0,"menu_order":0,"comment_status":"closed","ping_status":"closed","template":"","meta":{"footnotes":""},"class_list":["post-236","page","type-page","status-publish","hentry"],"_links":{"self":[{"href":"https:\/\/www.kristedal.se\/index.php?rest_route=\/wp\/v2\/pages\/236","targetHints":{"allow":["GET"]}}],"collection":[{"href":"https:\/\/www.kristedal.se\/index.php?rest_route=\/wp\/v2\/pages"}],"about":[{"href":"https:\/\/www.kristedal.se\/index.php?rest_route=\/wp\/v2\/types\/page"}],"author":[{"embeddable":true,"href":"https:\/\/www.kristedal.se\/index.php?rest_route=\/wp\/v2\/users\/1"}],"replies":[{"embeddable":true,"href":"https:\/\/www.kristedal.se\/index.php?rest_route=%2Fwp%2Fv2%2Fcomments&post=236"}],"version-history":[{"count":21,"href":"https:\/\/www.kristedal.se\/index.php?rest_route=\/wp\/v2\/pages\/236\/revisions"}],"predecessor-version":[{"id":329,"href":"https:\/\/www.kristedal.se\/index.php?rest_route=\/wp\/v2\/pages\/236\/revisions\/329"}],"wp:attachment":[{"href":"https:\/\/www.kristedal.se\/index.php?rest_route=%2Fwp%2Fv2%2Fmedia&parent=236"}],"curies":[{"name":"wp","href":"https:\/\/api.w.org\/{rel}","templated":true}]}}