{"id":296,"date":"2025-11-14T09:04:06","date_gmt":"2025-11-14T09:04:06","guid":{"rendered":"http:\/\/www.kristedal.se\/?page_id=296"},"modified":"2025-11-14T09:25:56","modified_gmt":"2025-11-14T09:25:56","slug":"disclaimer","status":"publish","type":"page","link":"https:\/\/www.kristedal.se\/?page_id=296","title":{"rendered":"Disclaimer"},"content":{"rendered":"\n<p>Informationen p\u00e5 denna webbplats tillhandah\u00e5lls i befintligt skick och \u00e4r endast avsedd som allm\u00e4n information. Inneh\u00e5llet kan inneh\u00e5lla fel eller vara ofullst\u00e4ndigt, och anv\u00e4ndning sker p\u00e5 egen risk. Webbplatsens \u00e4gare ansvarar inte f\u00f6r skador, f\u00f6rluster eller konsekvenser som uppst\u00e5r vid tolkning eller anv\u00e4ndning av materialet. Eventuella externa l\u00e4nkar ligger utanf\u00f6r v\u00e5r kontroll och vi ansvarar inte f\u00f6r deras inneh\u00e5ll eller funktion.<\/p>\n","protected":false},"excerpt":{"rendered":"<p>Informationen p\u00e5 denna webbplats tillhandah\u00e5lls i befintligt skick och \u00e4r endast avsedd som allm\u00e4n information. Inneh\u00e5llet kan inneh\u00e5lla fel eller vara ofullst\u00e4ndigt, och anv\u00e4ndning sker p\u00e5 egen risk. Webbplatsens \u00e4gare ansvarar inte f\u00f6r skador, f\u00f6rluster eller konsekvenser som uppst\u00e5r vid tolkning eller anv\u00e4ndning av materialet. Eventuella externa l\u00e4nkar ligger utanf\u00f6r v\u00e5r kontroll och vi ansvarar [&hellip;]<\/p>\n","protected":false},"author":1,"featured_media":0,"parent":0,"menu_order":0,"comment_status":"closed","ping_status":"closed","template":"","meta":{"footnotes":""},"class_list":["post-296","page","type-page","status-publish","hentry"],"_links":{"self":[{"href":"https:\/\/www.kristedal.se\/index.php?rest_route=\/wp\/v2\/pages\/296","targetHints":{"allow":["GET"]}}],"collection":[{"href":"https:\/\/www.kristedal.se\/index.php?rest_route=\/wp\/v2\/pages"}],"about":[{"href":"https:\/\/www.kristedal.se\/index.php?rest_route=\/wp\/v2\/types\/page"}],"author":[{"embeddable":true,"href":"https:\/\/www.kristedal.se\/index.php?rest_route=\/wp\/v2\/users\/1"}],"replies":[{"embeddable":true,"href":"https:\/\/www.kristedal.se\/index.php?rest_route=%2Fwp%2Fv2%2Fcomments&post=296"}],"version-history":[{"count":1,"href":"https:\/\/www.kristedal.se\/index.php?rest_route=\/wp\/v2\/pages\/296\/revisions"}],"predecessor-version":[{"id":298,"href":"https:\/\/www.kristedal.se\/index.php?rest_route=\/wp\/v2\/pages\/296\/revisions\/298"}],"wp:attachment":[{"href":"https:\/\/www.kristedal.se\/index.php?rest_route=%2Fwp%2Fv2%2Fmedia&parent=296"}],"curies":[{"name":"wp","href":"https:\/\/api.w.org\/{rel}","templated":true}]}}